{"id":41046,"date":"2023-01-12T16:40:59","date_gmt":"2023-01-12T19:40:59","guid":{"rendered":"https:\/\/patagoniahechaamano.cl\/tienda\/?post_type=product&#038;p=41046"},"modified":"2023-01-12T16:40:59","modified_gmt":"2023-01-12T19:40:59","slug":"cojin-de-vellon","status":"publish","type":"product","link":"https:\/\/patagoniahechaamano.cl\/tienda\/producto\/cojin-de-vellon\/","title":{"rendered":"Coj\u00edn de vell\u00f3n"},"content":{"rendered":"<p>Medida 33 cm di\u00e1metro.<\/p>\n","protected":false},"excerpt":{"rendered":"<p>Medida 33 cm di\u00e1metro.<\/p>\n","protected":false},"featured_media":41003,"comment_status":"open","ping_status":"closed","template":"","meta":{"_acf_changed":false},"product_cat":[92],"product_tag":[426,334,114,427],"class_list":{"0":"post-41046","1":"product","2":"type-product","3":"status-publish","4":"has-post-thumbnail","6":"product_cat-decohogar_","7":"product_tag-cojin","8":"product_tag-decoracion","9":"product_tag-lana-natural","10":"product_tag-tejido-xl","12":"first","13":"instock","14":"taxable","15":"shipping-taxable","16":"purchasable","17":"product-type-simple"},"acf":[],"jetpack_sharing_enabled":true,"_links":{"self":[{"href":"https:\/\/patagoniahechaamano.cl\/tienda\/wp-json\/wp\/v2\/product\/41046","targetHints":{"allow":["GET"]}}],"collection":[{"href":"https:\/\/patagoniahechaamano.cl\/tienda\/wp-json\/wp\/v2\/product"}],"about":[{"href":"https:\/\/patagoniahechaamano.cl\/tienda\/wp-json\/wp\/v2\/types\/product"}],"replies":[{"embeddable":true,"href":"https:\/\/patagoniahechaamano.cl\/tienda\/wp-json\/wp\/v2\/comments?post=41046"}],"wp:featuredmedia":[{"embeddable":true,"href":"https:\/\/patagoniahechaamano.cl\/tienda\/wp-json\/wp\/v2\/media\/41003"}],"wp:attachment":[{"href":"https:\/\/patagoniahechaamano.cl\/tienda\/wp-json\/wp\/v2\/media?parent=41046"}],"wp:term":[{"taxonomy":"product_cat","embeddable":true,"href":"https:\/\/patagoniahechaamano.cl\/tienda\/wp-json\/wp\/v2\/product_cat?post=41046"},{"taxonomy":"product_tag","embeddable":true,"href":"https:\/\/patagoniahechaamano.cl\/tienda\/wp-json\/wp\/v2\/product_tag?post=41046"}],"curies":[{"name":"wp","href":"https:\/\/api.w.org\/{rel}","templated":true}]}}